{"id":7804,"date":"2025-02-11T08:40:24","date_gmt":"2025-02-11T08:40:24","guid":{"rendered":"https:\/\/suportaldol.org\/blog\/"},"modified":"2026-01-20T10:04:37","modified_gmt":"2026-01-20T10:04:37","slug":"blog","status":"publish","type":"page","link":"https:\/\/suportaldol.org\/es\/blog\/","title":{"rendered":"Blog"},"content":{"rendered":"\t\t<div data-elementor-type=\"wp-page\" data-elementor-id=\"7804\" class=\"elementor elementor-7804 elementor-4243\" data-elementor-post-type=\"page\">\n\t\t\t\t        <section class=\"elementor-section elementor-top-section elementor-element elementor-element-f336cda elementor-section-boxed elementor-section-height-default elementor-section-height-default pxl-row-scroll-none pxl-zoom-point-false pxl-section-overflow-visible pxl-section-fix-none pxl-bg-color-none pxl-section-overlay-none\" data-id=\"f336cda\" data-element_type=\"section\">\n\n                \n                <div class=\"elementor-container elementor-column-gap-no \">\n                <div class=\"elementor-column elementor-col-100 elementor-top-column elementor-element elementor-element-c1f2540 pxl-column-none pxl-column-overflow-hidden-no\" data-id=\"c1f2540\" data-element_type=\"column\">\r\n        <div class=\"elementor-widget-wrap elementor-element-populated\">\r\n                     \r\n        \t\t<div class=\"elementor-element elementor-element-3e85c95 pxl-post-layout-post-2 elementor-widget elementor-widget-pxl_post_grid\" data-id=\"3e85c95\" data-element_type=\"widget\" data-widget_type=\"pxl_post_grid.default\">\n\t\t\t\t<div class=\"elementor-widget-container\">\n\t\t\t\t\t\n<div id=\"pxl_post_grid-3e85c95-3002\" class=\"pxl-grid pxl-blog-grid pxl-blog-grid-layout2 pxl-blog-style2\" data-start-page=\"1\" data-max-pages=\"2\" data-total=\"13\" data-perpage=\"8\" data-next-link=\"https:\/\/suportaldol.org\/es\/wp-json\/wp\/v2\/pages\/7804\/page\/2\/\" data-loadmore=\"{&quot;tax&quot;:[&quot;category&quot;],&quot;post_type&quot;:&quot;post&quot;,&quot;layout&quot;:&quot;post-2&quot;,&quot;startPage&quot;:1,&quot;maxPages&quot;:2,&quot;total&quot;:13,&quot;filter&quot;:&quot;false&quot;,&quot;filter_type&quot;:&quot;normal&quot;,&quot;perpage&quot;:8,&quot;nextLink&quot;:&quot;https:\\\/\\\/suportaldol.org\\\/es\\\/wp-json\\\/wp\\\/v2\\\/pages\\\/7804\\\/page\\\/2\\\/&quot;,&quot;source&quot;:&quot;&quot;,&quot;orderby&quot;:&quot;date&quot;,&quot;order&quot;:&quot;desc&quot;,&quot;limit&quot;:8,&quot;post_ids&quot;:[],&quot;col_xl&quot;:6,&quot;col_lg&quot;:6,&quot;col_md&quot;:6,&quot;col_sm&quot;:6,&quot;col_xs&quot;:12,&quot;pagination_type&quot;:&quot;pagination&quot;,&quot;show_date&quot;:&quot;true&quot;,&quot;show_comment&quot;:&quot;true&quot;,&quot;show_author&quot;:&quot;true&quot;,&quot;show_button&quot;:&quot;true&quot;,&quot;button_text&quot;:&quot;&quot;,&quot;show_excerpt&quot;:&quot;true&quot;,&quot;num_words&quot;:25,&quot;img_size&quot;:&quot;&quot;,&quot;grid_masonry&quot;:&quot;&quot;,&quot;pxl_animate&quot;:&quot;&quot;,&quot;hover_style&quot;:&quot;hover-default&quot;}\">\n        \n    <div class=\"pxl-grid-inner pxl-grid-masonry row\" data-gutter=\"15\">\n                    <div class=\"pxl-grid-item col-xl-6 col-lg-6 col-md-6 col-sm-6 col-12 sin-categoria\">\n                <div class=\"pxl-post--inner \" data-wow-duration=\"1.2s\">\n                                            <div class=\"pxl-post--featured \">\n                            <a href=\"https:\/\/suportaldol.org\/es\/%f0%9f%93%8dens-traslladem-a-una-nova-seu\/\" class=\"pxl-featured-link\">\n                                <img fetchpriority=\"high\" decoding=\"async\" width=\"1080\" height=\"1080\" src=\"https:\/\/suportaldol.org\/wp-content\/uploads\/2026\/04\/Post-de-Instagram-Nueva-Ubicacion-Organico-Beige-2.png\" class=\"abc attachment-full\" alt=\"\" \/>                            <\/a>\n                        <\/div>\n                                        <h3 class=\"pxl-post--title\"><a href=\"https:\/\/suportaldol.org\/es\/%f0%9f%93%8dens-traslladem-a-una-nova-seu\/\">\n                        <div class=\"pxl-post--index\">\n                            01                        <\/div>\n                        \ud83d\udccdEns traslladem a una nova seu<\/a>\n                    <\/h3>\n                                            <div class=\"pxl-post--button\">\n                            <a class=\"btn\" href=\"https:\/\/suportaldol.org\/es\/%f0%9f%93%8dens-traslladem-a-una-nova-seu\/\">\n                                                                <i aria-hidden=\"true\" class=\"far fa-angle-right\"><\/i>\n                            <\/a>\n                        <\/div>\n                                    <\/div>\n            <\/div>\n                    <div class=\"pxl-grid-item col-xl-6 col-lg-6 col-md-6 col-sm-6 col-12 sin-categoria\">\n                <div class=\"pxl-post--inner \" data-wow-duration=\"1.2s\">\n                                            <div class=\"pxl-post--featured \">\n                            <a href=\"https:\/\/suportaldol.org\/es\/assemblea-ordinaria-i-la-presentacio-de-la-memoria-2025\/\" class=\"pxl-featured-link\">\n                                <img decoding=\"async\" width=\"2048\" height=\"1536\" src=\"https:\/\/suportaldol.org\/wp-content\/uploads\/2026\/03\/WhatsApp-Image-2026-03-23-at-14.49.56.jpeg\" class=\"abc attachment-full\" alt=\"\" \/>                            <\/a>\n                        <\/div>\n                                        <h3 class=\"pxl-post--title\"><a href=\"https:\/\/suportaldol.org\/es\/assemblea-ordinaria-i-la-presentacio-de-la-memoria-2025\/\">\n                        <div class=\"pxl-post--index\">\n                            02                        <\/div>\n                        Assemblea Ordin\u00e0ria i la presentaci\u00f3 de la Mem\u00f2ria 2025<\/a>\n                    <\/h3>\n                                            <div class=\"pxl-post--button\">\n                            <a class=\"btn\" href=\"https:\/\/suportaldol.org\/es\/assemblea-ordinaria-i-la-presentacio-de-la-memoria-2025\/\">\n                                                                <i aria-hidden=\"true\" class=\"far fa-angle-right\"><\/i>\n                            <\/a>\n                        <\/div>\n                                    <\/div>\n            <\/div>\n                    <div class=\"pxl-grid-item col-xl-6 col-lg-6 col-md-6 col-sm-6 col-12 sin-categoria\">\n                <div class=\"pxl-post--inner \" data-wow-duration=\"1.2s\">\n                                            <div class=\"pxl-post--featured \">\n                            <a href=\"https:\/\/suportaldol.org\/es\/%f0%9f%92%9c-el-servei-de-suport-al-dol-de-ponent-inicia-el-seu-cami-a-lalta-ribagorca\/\" class=\"pxl-featured-link\">\n                                <img decoding=\"async\" width=\"2048\" height=\"1536\" src=\"https:\/\/suportaldol.org\/wp-content\/uploads\/2026\/03\/WhatsApp-Image-2026-03-06-at-10.10.03.jpeg\" class=\"abc attachment-full\" alt=\"\" \/>                            <\/a>\n                        <\/div>\n                                        <h3 class=\"pxl-post--title\"><a href=\"https:\/\/suportaldol.org\/es\/%f0%9f%92%9c-el-servei-de-suport-al-dol-de-ponent-inicia-el-seu-cami-a-lalta-ribagorca\/\">\n                        <div class=\"pxl-post--index\">\n                            03                        <\/div>\n                        \ud83d\udc9c El Servei de Suport al Dol de Ponent inicia el seu cam\u00ed a l\u2019Alta Ribagor\u00e7a<\/a>\n                    <\/h3>\n                                            <div class=\"pxl-post--button\">\n                            <a class=\"btn\" href=\"https:\/\/suportaldol.org\/es\/%f0%9f%92%9c-el-servei-de-suport-al-dol-de-ponent-inicia-el-seu-cami-a-lalta-ribagorca\/\">\n                                                                <i aria-hidden=\"true\" class=\"far fa-angle-right\"><\/i>\n                            <\/a>\n                        <\/div>\n                                    <\/div>\n            <\/div>\n                    <div class=\"pxl-grid-item col-xl-6 col-lg-6 col-md-6 col-sm-6 col-12 sin-categoria\">\n                <div class=\"pxl-post--inner \" data-wow-duration=\"1.2s\">\n                                        <h3 class=\"pxl-post--title\"><a href=\"https:\/\/suportaldol.org\/es\/nuevo-encuentro-espacio-de-apoyo-para-familiares-y-amigos-en-duelo-por-suicidio\/\">\n                        <div class=\"pxl-post--index\">\n                            04                        <\/div>\n                        Nuevo Encuentro-Espacio de Apoyo para Familiares y Amigos en Duelo por Suicidio<\/a>\n                    <\/h3>\n                                            <div class=\"pxl-post--button\">\n                            <a class=\"btn\" href=\"https:\/\/suportaldol.org\/es\/nuevo-encuentro-espacio-de-apoyo-para-familiares-y-amigos-en-duelo-por-suicidio\/\">\n                                                                <i aria-hidden=\"true\" class=\"far fa-angle-right\"><\/i>\n                            <\/a>\n                        <\/div>\n                                    <\/div>\n            <\/div>\n                    <div class=\"pxl-grid-item col-xl-6 col-lg-6 col-md-6 col-sm-6 col-12 sin-categoria\">\n                <div class=\"pxl-post--inner \" data-wow-duration=\"1.2s\">\n                                        <h3 class=\"pxl-post--title\"><a href=\"https:\/\/suportaldol.org\/es\/asamblea-general-2026\/\">\n                        <div class=\"pxl-post--index\">\n                            05                        <\/div>\n                        Asamblea General 2026<\/a>\n                    <\/h3>\n                                            <div class=\"pxl-post--button\">\n                            <a class=\"btn\" href=\"https:\/\/suportaldol.org\/es\/asamblea-general-2026\/\">\n                                                                <i aria-hidden=\"true\" class=\"far fa-angle-right\"><\/i>\n                            <\/a>\n                        <\/div>\n                                    <\/div>\n            <\/div>\n                    <div class=\"pxl-grid-item col-xl-6 col-lg-6 col-md-6 col-sm-6 col-12 sin-categoria\">\n                <div class=\"pxl-post--inner \" data-wow-duration=\"1.2s\">\n                                        <h3 class=\"pxl-post--title\"><a href=\"https:\/\/suportaldol.org\/es\/atencio-i-acompanyament-en-dol-guissona-%c2%b7-cervera-%c2%b7-agramunt-dijous-un-cop-al-mes\/\">\n                        <div class=\"pxl-post--index\">\n                            06                        <\/div>\n                        Atenci\u00f3 i acompanyament en dol Guissona \u00b7 Cervera \u00b7 Agramunt \u2013 Dijous, un cop al mes<\/a>\n                    <\/h3>\n                                            <div class=\"pxl-post--button\">\n                            <a class=\"btn\" href=\"https:\/\/suportaldol.org\/es\/atencio-i-acompanyament-en-dol-guissona-%c2%b7-cervera-%c2%b7-agramunt-dijous-un-cop-al-mes\/\">\n                                                                <i aria-hidden=\"true\" class=\"far fa-angle-right\"><\/i>\n                            <\/a>\n                        <\/div>\n                                    <\/div>\n            <\/div>\n                    <div class=\"pxl-grid-item col-xl-6 col-lg-6 col-md-6 col-sm-6 col-12 sin-categoria\">\n                <div class=\"pxl-post--inner \" data-wow-duration=\"1.2s\">\n                                        <h3 class=\"pxl-post--title\"><a href=\"https:\/\/suportaldol.org\/es\/nou-grup-de-suport-per-joves-15-22-anys\/\">\n                        <div class=\"pxl-post--index\">\n                            07                        <\/div>\n                        Nou Grup de Suport per Joves (15-22 anys)<\/a>\n                    <\/h3>\n                                            <div class=\"pxl-post--button\">\n                            <a class=\"btn\" href=\"https:\/\/suportaldol.org\/es\/nou-grup-de-suport-per-joves-15-22-anys\/\">\n                                                                <i aria-hidden=\"true\" class=\"far fa-angle-right\"><\/i>\n                            <\/a>\n                        <\/div>\n                                    <\/div>\n            <\/div>\n                    <div class=\"pxl-grid-item col-xl-6 col-lg-6 col-md-6 col-sm-6 col-12 sin-categoria\">\n                <div class=\"pxl-post--inner \" data-wow-duration=\"1.2s\">\n                                        <h3 class=\"pxl-post--title\"><a href=\"https:\/\/suportaldol.org\/es\/%f0%9f%a7%98%e2%99%80%ef%b8%8f-noves-classes-de-ioga-al-servei-de-suport-al-dol-de-ponent-2\/\">\n                        <div class=\"pxl-post--index\">\n                            08                        <\/div>\n                        \ud83e\uddd8\u200d\u2640\ufe0f Noves classes de ioga al Servei de Suport al Dol de Ponent<\/a>\n                    <\/h3>\n                                            <div class=\"pxl-post--button\">\n                            <a class=\"btn\" href=\"https:\/\/suportaldol.org\/es\/%f0%9f%a7%98%e2%99%80%ef%b8%8f-noves-classes-de-ioga-al-servei-de-suport-al-dol-de-ponent-2\/\">\n                                                                <i aria-hidden=\"true\" class=\"far fa-angle-right\"><\/i>\n                            <\/a>\n                        <\/div>\n                                    <\/div>\n            <\/div>\n                <div class=\"grid-sizer col-xl-6 col-lg-6 col-md-6 col-sm-6 col-12\"><\/div>\n        \n    <\/div>\n            <div class=\"pxl-grid-pagination\">\n                        <nav class=\"pxl-pagination-wrap ajax\">\n                <div class=\"pxl-pagination-links\">\n                    <span aria-label=\"P\u00e1gina 1\" aria-current=\"page\" class=\"page-numbers current\"><span>1<\/span><\/span>\n<a aria-label=\"P\u00e1gina 2\" class=\"page-numbers\" href=\"#2\"><span>2<\/span><\/a>\n<a class=\"next page-numbers\" href=\"#2\"><i class=\"far fa-angle-right\"><\/i><\/a>                <\/div>\n            <\/nav>\n                    <\/div>\n        <\/div>\t\t\t\t<\/div>\n\t\t\t\t<\/div>\n\t\t            <\/div>\r\n        <\/div>\r\n        \t\t\t<\/div>\n\t\t<\/section>\n\t\t\t\t<\/div>\n\t\t","protected":false},"excerpt":{"rendered":"<p>01 \ud83e\uddd8\u200d\u2640\ufe0f\u00a0Noves classes de ioga al Servei de Suport al Dol de Ponent\u00a0 02 Jornades del Dia Mundial de les Persones Migrades. 03 Dol en la Gent Gran 04 Nova Trovada de Suport en el Dol per Su\u00efcidi 05 \u201cLa Cadira Buida\u201d, una xerrada per afrontar el Nadal quan est\u00e0s en dol<\/p>\n","protected":false},"author":1,"featured_media":0,"parent":0,"menu_order":0,"comment_status":"closed","ping_status":"closed","template":"","meta":{"footnotes":""},"class_list":["post-7804","page","type-page","status-publish","hentry"],"yoast_head":"<!-- This site is optimized with the Yoast SEO plugin v26.1.1 - https:\/\/yoast.com\/wordpress\/plugins\/seo\/ -->\n<title>Blog | Suport al dol<\/title>\n<meta name=\"description\" content=\"Blog con art\u00edculos de apoyo y reflexi\u00f3n sobre el duelo, escritos por profesionales para acompa\u00f1arte y ayudarte a comprender el proceso.\" \/>\n<meta name=\"robots\" content=\"index, follow, max-snippet:-1, max-image-preview:large, max-video-preview:-1\" \/>\n<link rel=\"canonical\" href=\"https:\/\/suportaldol.org\/es\/blog\/\" \/>\n<meta property=\"og:locale\" content=\"es_ES\" \/>\n<meta property=\"og:type\" content=\"article\" \/>\n<meta property=\"og:title\" content=\"Blog | Suport al dol\" \/>\n<meta property=\"og:description\" content=\"Blog con art\u00edculos de apoyo y reflexi\u00f3n sobre el duelo, escritos por profesionales para acompa\u00f1arte y ayudarte a comprender el proceso.\" \/>\n<meta property=\"og:url\" content=\"https:\/\/suportaldol.org\/es\/blog\/\" \/>\n<meta property=\"og:site_name\" content=\"Suport al dol\" \/>\n<meta property=\"article:publisher\" content=\"https:\/\/www.facebook.com\/suportaldol\/?locale=ca_ES\" \/>\n<meta property=\"article:modified_time\" content=\"2026-01-20T10:04:37+00:00\" \/>\n<meta property=\"og:image\" content=\"https:\/\/suportaldol.org\/wp-content\/uploads\/2026\/01\/1-1.png\" \/>\n<meta name=\"twitter:card\" content=\"summary_large_image\" \/>\n<meta name=\"twitter:site\" content=\"@suportaldol\" \/>\n<meta name=\"twitter:label1\" content=\"Tiempo de lectura\" \/>\n\t<meta name=\"twitter:data1\" content=\"2 minutos\" \/>\n<script type=\"application\/ld+json\" class=\"yoast-schema-graph\">{\"@context\":\"https:\/\/schema.org\",\"@graph\":[{\"@type\":\"WebPage\",\"@id\":\"https:\/\/suportaldol.org\/es\/blog\/\",\"url\":\"https:\/\/suportaldol.org\/es\/blog\/\",\"name\":\"Blog | Suport al dol\",\"isPartOf\":{\"@id\":\"https:\/\/suportaldol.org\/#website\"},\"primaryImageOfPage\":{\"@id\":\"https:\/\/suportaldol.org\/es\/blog\/#primaryimage\"},\"image\":{\"@id\":\"https:\/\/suportaldol.org\/es\/blog\/#primaryimage\"},\"thumbnailUrl\":\"https:\/\/suportaldol.org\/wp-content\/uploads\/2026\/01\/1-1.png\",\"datePublished\":\"2025-02-11T08:40:24+00:00\",\"dateModified\":\"2026-01-20T10:04:37+00:00\",\"description\":\"Blog con art\u00edculos de apoyo y reflexi\u00f3n sobre el duelo, escritos por profesionales para acompa\u00f1arte y ayudarte a comprender el proceso.\",\"breadcrumb\":{\"@id\":\"https:\/\/suportaldol.org\/es\/blog\/#breadcrumb\"},\"inLanguage\":\"es\",\"potentialAction\":[{\"@type\":\"ReadAction\",\"target\":[\"https:\/\/suportaldol.org\/es\/blog\/\"]}]},{\"@type\":\"ImageObject\",\"inLanguage\":\"es\",\"@id\":\"https:\/\/suportaldol.org\/es\/blog\/#primaryimage\",\"url\":\"https:\/\/suportaldol.org\/wp-content\/uploads\/2026\/01\/1-1.png\",\"contentUrl\":\"https:\/\/suportaldol.org\/wp-content\/uploads\/2026\/01\/1-1.png\"},{\"@type\":\"BreadcrumbList\",\"@id\":\"https:\/\/suportaldol.org\/es\/blog\/#breadcrumb\",\"itemListElement\":[{\"@type\":\"ListItem\",\"position\":1,\"name\":\"Portada\",\"item\":\"https:\/\/suportaldol.org\/\"},{\"@type\":\"ListItem\",\"position\":2,\"name\":\"Blog\"}]},{\"@type\":\"WebSite\",\"@id\":\"https:\/\/suportaldol.org\/#website\",\"url\":\"https:\/\/suportaldol.org\/\",\"name\":\"Suport al Dol\",\"description\":\"\",\"publisher\":{\"@id\":\"https:\/\/suportaldol.org\/#organization\"},\"alternateName\":\"Suport al Dol de Ponent\",\"potentialAction\":[{\"@type\":\"SearchAction\",\"target\":{\"@type\":\"EntryPoint\",\"urlTemplate\":\"https:\/\/suportaldol.org\/?s={search_term_string}\"},\"query-input\":{\"@type\":\"PropertyValueSpecification\",\"valueRequired\":true,\"valueName\":\"search_term_string\"}}],\"inLanguage\":\"es\"},{\"@type\":\"Organization\",\"@id\":\"https:\/\/suportaldol.org\/#organization\",\"name\":\"Suport al Dol\",\"url\":\"https:\/\/suportaldol.org\/\",\"logo\":{\"@type\":\"ImageObject\",\"inLanguage\":\"es\",\"@id\":\"https:\/\/suportaldol.org\/#\/schema\/logo\/image\/\",\"url\":\"https:\/\/suportaldol.org\/wp-content\/uploads\/2024\/11\/logo-2015-PNG2.webp\",\"contentUrl\":\"https:\/\/suportaldol.org\/wp-content\/uploads\/2024\/11\/logo-2015-PNG2.webp\",\"width\":450,\"height\":160,\"caption\":\"Suport al Dol\"},\"image\":{\"@id\":\"https:\/\/suportaldol.org\/#\/schema\/logo\/image\/\"},\"sameAs\":[\"https:\/\/www.facebook.com\/suportaldol\/?locale=ca_ES\",\"https:\/\/x.com\/suportaldol\",\"https:\/\/www.instagram.com\/suportaldol\"]}]}<\/script>\n<!-- \/ Yoast SEO plugin. -->","yoast_head_json":{"title":"Blog | Suport al dol","description":"Blog con art\u00edculos de apoyo y reflexi\u00f3n sobre el duelo, escritos por profesionales para acompa\u00f1arte y ayudarte a comprender el proceso.","robots":{"index":"index","follow":"follow","max-snippet":"max-snippet:-1","max-image-preview":"max-image-preview:large","max-video-preview":"max-video-preview:-1"},"canonical":"https:\/\/suportaldol.org\/es\/blog\/","og_locale":"es_ES","og_type":"article","og_title":"Blog | Suport al dol","og_description":"Blog con art\u00edculos de apoyo y reflexi\u00f3n sobre el duelo, escritos por profesionales para acompa\u00f1arte y ayudarte a comprender el proceso.","og_url":"https:\/\/suportaldol.org\/es\/blog\/","og_site_name":"Suport al dol","article_publisher":"https:\/\/www.facebook.com\/suportaldol\/?locale=ca_ES","article_modified_time":"2026-01-20T10:04:37+00:00","og_image":[{"url":"https:\/\/suportaldol.org\/wp-content\/uploads\/2026\/01\/1-1.png","type":"","width":"","height":""}],"twitter_card":"summary_large_image","twitter_site":"@suportaldol","twitter_misc":{"Tiempo de lectura":"2 minutos"},"schema":{"@context":"https:\/\/schema.org","@graph":[{"@type":"WebPage","@id":"https:\/\/suportaldol.org\/es\/blog\/","url":"https:\/\/suportaldol.org\/es\/blog\/","name":"Blog | Suport al dol","isPartOf":{"@id":"https:\/\/suportaldol.org\/#website"},"primaryImageOfPage":{"@id":"https:\/\/suportaldol.org\/es\/blog\/#primaryimage"},"image":{"@id":"https:\/\/suportaldol.org\/es\/blog\/#primaryimage"},"thumbnailUrl":"https:\/\/suportaldol.org\/wp-content\/uploads\/2026\/01\/1-1.png","datePublished":"2025-02-11T08:40:24+00:00","dateModified":"2026-01-20T10:04:37+00:00","description":"Blog con art\u00edculos de apoyo y reflexi\u00f3n sobre el duelo, escritos por profesionales para acompa\u00f1arte y ayudarte a comprender el proceso.","breadcrumb":{"@id":"https:\/\/suportaldol.org\/es\/blog\/#breadcrumb"},"inLanguage":"es","potentialAction":[{"@type":"ReadAction","target":["https:\/\/suportaldol.org\/es\/blog\/"]}]},{"@type":"ImageObject","inLanguage":"es","@id":"https:\/\/suportaldol.org\/es\/blog\/#primaryimage","url":"https:\/\/suportaldol.org\/wp-content\/uploads\/2026\/01\/1-1.png","contentUrl":"https:\/\/suportaldol.org\/wp-content\/uploads\/2026\/01\/1-1.png"},{"@type":"BreadcrumbList","@id":"https:\/\/suportaldol.org\/es\/blog\/#breadcrumb","itemListElement":[{"@type":"ListItem","position":1,"name":"Portada","item":"https:\/\/suportaldol.org\/"},{"@type":"ListItem","position":2,"name":"Blog"}]},{"@type":"WebSite","@id":"https:\/\/suportaldol.org\/#website","url":"https:\/\/suportaldol.org\/","name":"Suport al Dol","description":"","publisher":{"@id":"https:\/\/suportaldol.org\/#organization"},"alternateName":"Suport al Dol de Ponent","potentialAction":[{"@type":"SearchAction","target":{"@type":"EntryPoint","urlTemplate":"https:\/\/suportaldol.org\/?s={search_term_string}"},"query-input":{"@type":"PropertyValueSpecification","valueRequired":true,"valueName":"search_term_string"}}],"inLanguage":"es"},{"@type":"Organization","@id":"https:\/\/suportaldol.org\/#organization","name":"Suport al Dol","url":"https:\/\/suportaldol.org\/","logo":{"@type":"ImageObject","inLanguage":"es","@id":"https:\/\/suportaldol.org\/#\/schema\/logo\/image\/","url":"https:\/\/suportaldol.org\/wp-content\/uploads\/2024\/11\/logo-2015-PNG2.webp","contentUrl":"https:\/\/suportaldol.org\/wp-content\/uploads\/2024\/11\/logo-2015-PNG2.webp","width":450,"height":160,"caption":"Suport al Dol"},"image":{"@id":"https:\/\/suportaldol.org\/#\/schema\/logo\/image\/"},"sameAs":["https:\/\/www.facebook.com\/suportaldol\/?locale=ca_ES","https:\/\/x.com\/suportaldol","https:\/\/www.instagram.com\/suportaldol"]}]}},"_links":{"self":[{"href":"https:\/\/suportaldol.org\/es\/wp-json\/wp\/v2\/pages\/7804","targetHints":{"allow":["GET"]}}],"collection":[{"href":"https:\/\/suportaldol.org\/es\/wp-json\/wp\/v2\/pages"}],"about":[{"href":"https:\/\/suportaldol.org\/es\/wp-json\/wp\/v2\/types\/page"}],"author":[{"embeddable":true,"href":"https:\/\/suportaldol.org\/es\/wp-json\/wp\/v2\/users\/1"}],"replies":[{"embeddable":true,"href":"https:\/\/suportaldol.org\/es\/wp-json\/wp\/v2\/comments?post=7804"}],"version-history":[{"count":30,"href":"https:\/\/suportaldol.org\/es\/wp-json\/wp\/v2\/pages\/7804\/revisions"}],"predecessor-version":[{"id":8155,"href":"https:\/\/suportaldol.org\/es\/wp-json\/wp\/v2\/pages\/7804\/revisions\/8155"}],"wp:attachment":[{"href":"https:\/\/suportaldol.org\/es\/wp-json\/wp\/v2\/media?parent=7804"}],"curies":[{"name":"wp","href":"https:\/\/api.w.org\/{rel}","templated":true}]}}