{"id":7572,"date":"2025-10-09T11:38:55","date_gmt":"2025-10-09T11:38:55","guid":{"rendered":"https:\/\/suportaldol.org\/recursos-para-el-duelo\/"},"modified":"2026-01-20T10:08:41","modified_gmt":"2026-01-20T10:08:41","slug":"recursos-para-el-duelo","status":"publish","type":"page","link":"https:\/\/suportaldol.org\/es\/recursos-para-el-duelo\/","title":{"rendered":"Recursos para el duelo"},"content":{"rendered":"\t\t<div data-elementor-type=\"wp-page\" data-elementor-id=\"7572\" class=\"elementor elementor-7572 elementor-6316\" data-elementor-post-type=\"page\">\n\t\t\t\t<div class=\"elementor-element elementor-element-7bc1e65 e-flex e-con-boxed e-con e-parent \" data-id=\"7bc1e65\" data-element_type=\"container\">\t\t\t<div class=\"e-con-inner\">\r\n\t\t\t\t<div class=\"elementor-element elementor-element-17b2e9b elementor-widget elementor-widget-pxl_heading\" data-id=\"17b2e9b\" data-element_type=\"widget\" data-widget_type=\"pxl_heading.default\">\n\t\t\t\t<div class=\"elementor-widget-container\">\n\t\t\t\t\t\n<div id=\"pxl-pxl_heading-17b2e9b-3717\" class=\"pxl-heading px-sub-title-default-style \">\n\t<div class=\"pxl-heading--inner\">\n\t\t\n\t\t<h3 class=\"pxl-item--title style-default highlight-default \" data-wow-delay=\"ms\">\n\n\t\t\t<span class=\"pxl-heading--text\">\n\n\t\t\t\t\t\t\t\t\tRecursos para el duelo\t\n\t\t\t\t\t\n\n\t\t\t<\/span>\n\t\t<\/h3>\n\t\t\n\t<\/div>\n<\/div>\t\t\t\t<\/div>\n\t\t\t\t<\/div>\n\t\t\t\t<div class=\"elementor-element elementor-element-0a60c58 elementor-widget elementor-widget-pxl_text_editor\" data-id=\"0a60c58\" data-element_type=\"widget\" data-widget_type=\"pxl_text_editor.default\">\n\t\t\t\t<div class=\"elementor-widget-container\">\n\t\t\t\t\t<div class=\"pxl-text-editor highlight-gradient\">\n\t<div class=\"pxl-item--inner  \" data-wow-delay=\"ms\">\n\t\t<div class=\"b b-text cf\"><div class=\"b-c b-text-c b-s b-s-t60 b-s-b60 b-cs cf\"><div class=\"b b-text cf\"><div class=\"b-c b-text-c b-s b-s-t60 b-s-b60 b-cs cf\"><p>Hemos preparado una selecci\u00f3n de libros, art\u00edculos, pel\u00edculas o v\u00eddeos y otras webs que te pueden servir de ayuda tanto si eres una persona en duelo que necesita saber m\u00e1s sobre el proceso de duelo como si eres una profesional que desea ampliar conocimientos sobre el tema.<\/p><p>Esperamos que le resulten \u00fatiles&#8230; y si encuentras alg\u00fan recurso interesante que no est\u00e1 aqu\u00ed, \u00a1tambi\u00e9n nos lo puedes compartir!<\/p><\/div><\/div><\/div><\/div>\t\t\n\t<\/div>\n<\/div>\t\t\t\t<\/div>\n\t\t\t\t<\/div>\n\t\t\t\t<div class=\"elementor-element elementor-element-49850cd elementor-widget elementor-widget-pxl_heading\" data-id=\"49850cd\" data-element_type=\"widget\" data-widget_type=\"pxl_heading.default\">\n\t\t\t\t<div class=\"elementor-widget-container\">\n\t\t\t\t\t\n<div id=\"pxl-pxl_heading-49850cd-6288\" class=\"pxl-heading px-sub-title-default-style \">\n\t<div class=\"pxl-heading--inner\">\n\t\t\n\t\t<h3 class=\"pxl-item--title style-default highlight-default \" data-wow-delay=\"ms\">\n\n\t\t\t<span class=\"pxl-heading--text\">\n\n\t\t\t\t\t\t\t\t\tLibros\t\n\t\t\t\t\t\n\n\t\t\t<\/span>\n\t\t<\/h3>\n\t\t\n\t<\/div>\n<\/div>\t\t\t\t<\/div>\n\t\t\t\t<\/div>\n\t\t\t\t<div class=\"elementor-element elementor-element-17a06a9 elementor-icon-list--layout-traditional elementor-list-item-link-full_width elementor-widget elementor-widget-icon-list\" data-id=\"17a06a9\" data-element_type=\"widget\" data-widget_type=\"icon-list.default\">\n\t\t\t\t\t\t\t<ul class=\"elementor-icon-list-items\">\n\t\t\t\t\t\t\t<li class=\"elementor-icon-list-item\">\n\t\t\t\t\t\t\t\t\t\t\t<a href=\"https:\/\/www.youtube.com\/watch?v=imEnXnFu7W4\" target=\"_blank\">\n\n\t\t\t\t\t\t\t\t\t\t\t\t<span class=\"elementor-icon-list-icon\">\n\t\t\t\t\t\t\t<i aria-hidden=\"true\" class=\"fas fa-book\"><\/i>\t\t\t\t\t\t<\/span>\n\t\t\t\t\t\t\t\t\t\t<span class=\"elementor-icon-list-text\">El mensaje de las l\u00e1grimas. Payas, Alba. Ed. Paid\u00f3s<\/span>\n\t\t\t\t\t\t\t\t\t\t\t<\/a>\n\t\t\t\t\t\t\t\t\t<\/li>\n\t\t\t\t\t\t\t\t<li class=\"elementor-icon-list-item\">\n\t\t\t\t\t\t\t\t\t\t\t<span class=\"elementor-icon-list-icon\">\n\t\t\t\t\t\t\t<i aria-hidden=\"true\" class=\"fas fa-book\"><\/i>\t\t\t\t\t\t<\/span>\n\t\t\t\t\t\t\t\t\t\t<span class=\"elementor-icon-list-text\">Aprender de la p\u00e9rdida: Una gu\u00eda para afrontar el duelo. Neimeyer, Robert. Ed. Paid\u00f3s.<\/span>\n\t\t\t\t\t\t\t\t\t<\/li>\n\t\t\t\t\t\t<\/ul>\n\t\t\t\t\t\t<\/div>\n\t\t\t\t<div class=\"elementor-element elementor-element-2b260a6 elementor-widget elementor-widget-pxl_heading\" data-id=\"2b260a6\" data-element_type=\"widget\" data-widget_type=\"pxl_heading.default\">\n\t\t\t\t<div class=\"elementor-widget-container\">\n\t\t\t\t\t\n<div id=\"pxl-pxl_heading-2b260a6-2415\" class=\"pxl-heading px-sub-title-default-style \">\n\t<div class=\"pxl-heading--inner\">\n\t\t\n\t\t<h3 class=\"pxl-item--title style-default highlight-default \" data-wow-delay=\"ms\">\n\n\t\t\t<span class=\"pxl-heading--text\">\n\n\t\t\t\t\t\t\t\t\tPel\u00edculas\t\n\t\t\t\t\t\n\n\t\t\t<\/span>\n\t\t<\/h3>\n\t\t\n\t<\/div>\n<\/div>\t\t\t\t<\/div>\n\t\t\t\t<\/div>\n\t\t\t\t<div class=\"elementor-element elementor-element-b0a9bcc elementor-icon-list--layout-traditional elementor-list-item-link-full_width elementor-widget elementor-widget-icon-list\" data-id=\"b0a9bcc\" data-element_type=\"widget\" data-widget_type=\"icon-list.default\">\n\t\t\t\t\t\t\t<ul class=\"elementor-icon-list-items\">\n\t\t\t\t\t\t\t<li class=\"elementor-icon-list-item\">\n\t\t\t\t\t\t\t\t\t\t\t<span class=\"elementor-icon-list-icon\">\n\t\t\t\t\t\t\t<i aria-hidden=\"true\" class=\"fas fa-camera-movie\"><\/i>\t\t\t\t\t\t<\/span>\n\t\t\t\t\t\t\t\t\t\t<span class=\"elementor-icon-list-text\">Manchester frente al mar (2016). El duelo de un padre y un adolescente.<\/span>\n\t\t\t\t\t\t\t\t\t<\/li>\n\t\t\t\t\t\t\t\t<li class=\"elementor-icon-list-item\">\n\t\t\t\t\t\t\t\t\t\t\t<span class=\"elementor-icon-list-icon\">\n\t\t\t\t\t\t\t<i aria-hidden=\"true\" class=\"fas fa-camera-movie\"><\/i>\t\t\t\t\t\t<\/span>\n\t\t\t\t\t\t\t\t\t\t<span class=\"elementor-icon-list-text\">Un monstruo viene a verme (2016). El duelo de un ni\u00f1o.<\/span>\n\t\t\t\t\t\t\t\t\t<\/li>\n\t\t\t\t\t\t\t\t<li class=\"elementor-icon-list-item\">\n\t\t\t\t\t\t\t\t\t\t\t<span class=\"elementor-icon-list-icon\">\n\t\t\t\t\t\t\t<i aria-hidden=\"true\" class=\"fas fa-camera-movie\"><\/i>\t\t\t\t\t\t<\/span>\n\t\t\t\t\t\t\t\t\t\t<span class=\"elementor-icon-list-text\">Fragmentos de una mujer (2020). Duelo perinatal.<\/span>\n\t\t\t\t\t\t\t\t\t<\/li>\n\t\t\t\t\t\t\t\t<li class=\"elementor-icon-list-item\">\n\t\t\t\t\t\t\t\t\t\t\t<span class=\"elementor-icon-list-icon\">\n\t\t\t\t\t\t\t<i aria-hidden=\"true\" class=\"fas fa-camera-movie\"><\/i>\t\t\t\t\t\t<\/span>\n\t\t\t\t\t\t\t\t\t\t<span class=\"elementor-icon-list-text\">Verano 1993. (2017). El duelo en la familia. <\/span>\n\t\t\t\t\t\t\t\t\t<\/li>\n\t\t\t\t\t\t<\/ul>\n\t\t\t\t\t\t<\/div>\n\t\t\t\t\t<\/div>\r\n\t\t\t\t<\/div>\r\n\t\t\t\t<\/div>\n\t\t","protected":false},"excerpt":{"rendered":"<p>Recursos para el duelo Hemos preparado una selecci\u00f3n de libros, art\u00edculos, pel\u00edculas o v\u00eddeos y otras webs que te pueden servir de ayuda tanto si eres una persona en duelo que necesita saber m\u00e1s sobre el proceso de duelo como si eres una profesional que desea ampliar conocimientos sobre el tema. Esperamos que le resulten [&hellip;]<\/p>\n","protected":false},"author":1,"featured_media":0,"parent":0,"menu_order":0,"comment_status":"closed","ping_status":"closed","template":"","meta":{"footnotes":""},"class_list":["post-7572","page","type-page","status-publish","hentry"],"yoast_head":"<!-- This site is optimized with the Yoast SEO plugin v26.1.1 - https:\/\/yoast.com\/wordpress\/plugins\/seo\/ -->\n<title>Recursos para el duelo | Suport al dol<\/title>\n<meta name=\"description\" content=\"Recursos especializados para afrontar el duelo con apoyo profesional, informaci\u00f3n \u00fatil y acompa\u00f1amiento humano en cada etapa.\" \/>\n<meta name=\"robots\" content=\"index, follow, max-snippet:-1, max-image-preview:large, max-video-preview:-1\" \/>\n<link rel=\"canonical\" href=\"https:\/\/suportaldol.org\/es\/recursos-para-el-duelo\/\" \/>\n<meta property=\"og:locale\" content=\"es_ES\" \/>\n<meta property=\"og:type\" content=\"article\" \/>\n<meta property=\"og:title\" content=\"Recursos para el duelo | Suport al dol\" \/>\n<meta property=\"og:description\" content=\"Recursos especializados para afrontar el duelo con apoyo profesional, informaci\u00f3n \u00fatil y acompa\u00f1amiento humano en cada etapa.\" \/>\n<meta property=\"og:url\" content=\"https:\/\/suportaldol.org\/es\/recursos-para-el-duelo\/\" \/>\n<meta property=\"og:site_name\" content=\"Suport al dol\" \/>\n<meta property=\"article:publisher\" content=\"https:\/\/www.facebook.com\/suportaldol\/?locale=ca_ES\" \/>\n<meta property=\"article:modified_time\" content=\"2026-01-20T10:08:41+00:00\" \/>\n<meta property=\"og:image\" content=\"https:\/\/suportaldol.org\/wp-content\/uploads\/2024\/11\/logo-2015-PNG2.webp\" \/>\n\t<meta property=\"og:image:width\" content=\"450\" \/>\n\t<meta property=\"og:image:height\" content=\"160\" \/>\n\t<meta property=\"og:image:type\" content=\"image\/webp\" \/>\n<meta name=\"twitter:card\" content=\"summary_large_image\" \/>\n<meta name=\"twitter:site\" content=\"@suportaldol\" \/>\n<meta name=\"twitter:label1\" content=\"Tiempo de lectura\" \/>\n\t<meta name=\"twitter:data1\" content=\"1 minuto\" \/>\n<script type=\"application\/ld+json\" class=\"yoast-schema-graph\">{\"@context\":\"https:\/\/schema.org\",\"@graph\":[{\"@type\":\"WebPage\",\"@id\":\"https:\/\/suportaldol.org\/es\/recursos-para-el-duelo\/\",\"url\":\"https:\/\/suportaldol.org\/es\/recursos-para-el-duelo\/\",\"name\":\"Recursos para el duelo | Suport al dol\",\"isPartOf\":{\"@id\":\"https:\/\/suportaldol.org\/#website\"},\"datePublished\":\"2025-10-09T11:38:55+00:00\",\"dateModified\":\"2026-01-20T10:08:41+00:00\",\"description\":\"Recursos especializados para afrontar el duelo con apoyo profesional, informaci\u00f3n \u00fatil y acompa\u00f1amiento humano en cada etapa.\",\"breadcrumb\":{\"@id\":\"https:\/\/suportaldol.org\/es\/recursos-para-el-duelo\/#breadcrumb\"},\"inLanguage\":\"es\",\"potentialAction\":[{\"@type\":\"ReadAction\",\"target\":[\"https:\/\/suportaldol.org\/es\/recursos-para-el-duelo\/\"]}]},{\"@type\":\"BreadcrumbList\",\"@id\":\"https:\/\/suportaldol.org\/es\/recursos-para-el-duelo\/#breadcrumb\",\"itemListElement\":[{\"@type\":\"ListItem\",\"position\":1,\"name\":\"Portada\",\"item\":\"https:\/\/suportaldol.org\/\"},{\"@type\":\"ListItem\",\"position\":2,\"name\":\"Recursos para el duelo\"}]},{\"@type\":\"WebSite\",\"@id\":\"https:\/\/suportaldol.org\/#website\",\"url\":\"https:\/\/suportaldol.org\/\",\"name\":\"Suport al Dol\",\"description\":\"\",\"publisher\":{\"@id\":\"https:\/\/suportaldol.org\/#organization\"},\"alternateName\":\"Suport al Dol de Ponent\",\"potentialAction\":[{\"@type\":\"SearchAction\",\"target\":{\"@type\":\"EntryPoint\",\"urlTemplate\":\"https:\/\/suportaldol.org\/?s={search_term_string}\"},\"query-input\":{\"@type\":\"PropertyValueSpecification\",\"valueRequired\":true,\"valueName\":\"search_term_string\"}}],\"inLanguage\":\"es\"},{\"@type\":\"Organization\",\"@id\":\"https:\/\/suportaldol.org\/#organization\",\"name\":\"Suport al Dol\",\"url\":\"https:\/\/suportaldol.org\/\",\"logo\":{\"@type\":\"ImageObject\",\"inLanguage\":\"es\",\"@id\":\"https:\/\/suportaldol.org\/#\/schema\/logo\/image\/\",\"url\":\"https:\/\/suportaldol.org\/wp-content\/uploads\/2024\/11\/logo-2015-PNG2.webp\",\"contentUrl\":\"https:\/\/suportaldol.org\/wp-content\/uploads\/2024\/11\/logo-2015-PNG2.webp\",\"width\":450,\"height\":160,\"caption\":\"Suport al Dol\"},\"image\":{\"@id\":\"https:\/\/suportaldol.org\/#\/schema\/logo\/image\/\"},\"sameAs\":[\"https:\/\/www.facebook.com\/suportaldol\/?locale=ca_ES\",\"https:\/\/x.com\/suportaldol\",\"https:\/\/www.instagram.com\/suportaldol\"]}]}<\/script>\n<!-- \/ Yoast SEO plugin. -->","yoast_head_json":{"title":"Recursos para el duelo | Suport al dol","description":"Recursos especializados para afrontar el duelo con apoyo profesional, informaci\u00f3n \u00fatil y acompa\u00f1amiento humano en cada etapa.","robots":{"index":"index","follow":"follow","max-snippet":"max-snippet:-1","max-image-preview":"max-image-preview:large","max-video-preview":"max-video-preview:-1"},"canonical":"https:\/\/suportaldol.org\/es\/recursos-para-el-duelo\/","og_locale":"es_ES","og_type":"article","og_title":"Recursos para el duelo | Suport al dol","og_description":"Recursos especializados para afrontar el duelo con apoyo profesional, informaci\u00f3n \u00fatil y acompa\u00f1amiento humano en cada etapa.","og_url":"https:\/\/suportaldol.org\/es\/recursos-para-el-duelo\/","og_site_name":"Suport al dol","article_publisher":"https:\/\/www.facebook.com\/suportaldol\/?locale=ca_ES","article_modified_time":"2026-01-20T10:08:41+00:00","og_image":[{"width":450,"height":160,"url":"https:\/\/suportaldol.org\/wp-content\/uploads\/2024\/11\/logo-2015-PNG2.webp","type":"image\/webp"}],"twitter_card":"summary_large_image","twitter_site":"@suportaldol","twitter_misc":{"Tiempo de lectura":"1 minuto"},"schema":{"@context":"https:\/\/schema.org","@graph":[{"@type":"WebPage","@id":"https:\/\/suportaldol.org\/es\/recursos-para-el-duelo\/","url":"https:\/\/suportaldol.org\/es\/recursos-para-el-duelo\/","name":"Recursos para el duelo | Suport al dol","isPartOf":{"@id":"https:\/\/suportaldol.org\/#website"},"datePublished":"2025-10-09T11:38:55+00:00","dateModified":"2026-01-20T10:08:41+00:00","description":"Recursos especializados para afrontar el duelo con apoyo profesional, informaci\u00f3n \u00fatil y acompa\u00f1amiento humano en cada etapa.","breadcrumb":{"@id":"https:\/\/suportaldol.org\/es\/recursos-para-el-duelo\/#breadcrumb"},"inLanguage":"es","potentialAction":[{"@type":"ReadAction","target":["https:\/\/suportaldol.org\/es\/recursos-para-el-duelo\/"]}]},{"@type":"BreadcrumbList","@id":"https:\/\/suportaldol.org\/es\/recursos-para-el-duelo\/#breadcrumb","itemListElement":[{"@type":"ListItem","position":1,"name":"Portada","item":"https:\/\/suportaldol.org\/"},{"@type":"ListItem","position":2,"name":"Recursos para el duelo"}]},{"@type":"WebSite","@id":"https:\/\/suportaldol.org\/#website","url":"https:\/\/suportaldol.org\/","name":"Suport al Dol","description":"","publisher":{"@id":"https:\/\/suportaldol.org\/#organization"},"alternateName":"Suport al Dol de Ponent","potentialAction":[{"@type":"SearchAction","target":{"@type":"EntryPoint","urlTemplate":"https:\/\/suportaldol.org\/?s={search_term_string}"},"query-input":{"@type":"PropertyValueSpecification","valueRequired":true,"valueName":"search_term_string"}}],"inLanguage":"es"},{"@type":"Organization","@id":"https:\/\/suportaldol.org\/#organization","name":"Suport al Dol","url":"https:\/\/suportaldol.org\/","logo":{"@type":"ImageObject","inLanguage":"es","@id":"https:\/\/suportaldol.org\/#\/schema\/logo\/image\/","url":"https:\/\/suportaldol.org\/wp-content\/uploads\/2024\/11\/logo-2015-PNG2.webp","contentUrl":"https:\/\/suportaldol.org\/wp-content\/uploads\/2024\/11\/logo-2015-PNG2.webp","width":450,"height":160,"caption":"Suport al Dol"},"image":{"@id":"https:\/\/suportaldol.org\/#\/schema\/logo\/image\/"},"sameAs":["https:\/\/www.facebook.com\/suportaldol\/?locale=ca_ES","https:\/\/x.com\/suportaldol","https:\/\/www.instagram.com\/suportaldol"]}]}},"_links":{"self":[{"href":"https:\/\/suportaldol.org\/es\/wp-json\/wp\/v2\/pages\/7572","targetHints":{"allow":["GET"]}}],"collection":[{"href":"https:\/\/suportaldol.org\/es\/wp-json\/wp\/v2\/pages"}],"about":[{"href":"https:\/\/suportaldol.org\/es\/wp-json\/wp\/v2\/types\/page"}],"author":[{"embeddable":true,"href":"https:\/\/suportaldol.org\/es\/wp-json\/wp\/v2\/users\/1"}],"replies":[{"embeddable":true,"href":"https:\/\/suportaldol.org\/es\/wp-json\/wp\/v2\/comments?post=7572"}],"version-history":[{"count":2,"href":"https:\/\/suportaldol.org\/es\/wp-json\/wp\/v2\/pages\/7572\/revisions"}],"predecessor-version":[{"id":7578,"href":"https:\/\/suportaldol.org\/es\/wp-json\/wp\/v2\/pages\/7572\/revisions\/7578"}],"wp:attachment":[{"href":"https:\/\/suportaldol.org\/es\/wp-json\/wp\/v2\/media?parent=7572"}],"curies":[{"name":"wp","href":"https:\/\/api.w.org\/{rel}","templated":true}]}}